{"id":22,"date":"2023-07-29T11:57:34","date_gmt":"2023-07-29T09:57:34","guid":{"rendered":"http:\/\/laser.room-made.de\/hannover\/?page_id=22"},"modified":"2024-12-04T17:32:08","modified_gmt":"2024-12-04T16:32:08","slug":"gutschein","status":"publish","type":"page","link":"https:\/\/lasertag-city.de\/hannover\/gutschein\/","title":{"rendered":"Gutschein"},"content":{"rendered":"<section class=\"l-section wpb_row height_small\"><div class=\"l-section-overlay\" style=\"background:var(--color-content-secondary-grad)\"><\/div><div class=\"l-section-h i-cf\"><div class=\"g-cols vc_row via_grid cols_1 laptops-cols_inherit tablets-cols_inherit mobiles-cols_1 valign_top type_default stacking_default\"><div class=\"wpb_column vc_column_container\"><div class=\"vc_column-inner\"><div class=\"wpb_text_column\"><div class=\"wpb_wrapper\"><h1 class=\"aux-modern-heading-primary\" style=\"text-align: center;\">Lasertag &#8211;\u00a0Gutschein in Hannover<\/h1>\n<\/div><\/div><\/div><\/div><\/div><\/div><\/section><section class=\"l-section wpb_row height_medium\"><div class=\"l-section-h i-cf\"><div class=\"g-cols vc_row via_grid cols_1 laptops-cols_inherit tablets-cols_inherit mobiles-cols_1 valign_top type_default stacking_default\"><div class=\"wpb_column vc_column_container\"><div class=\"vc_column-inner\"><div class=\"wpb_text_column\"><div class=\"wpb_wrapper\"><h2 style=\"text-align: center;\">Das perfekte Geschenk f\u00fcr Action und Spa\u00df!<\/h2>\n<h4 style=\"text-align: center;\">Verschenke ein besonderes <span class=\"effect1\">Erlebnis<\/span>!<\/h4>\n<\/div><\/div><div class=\"w-separator size_medium\"><\/div><div class=\"w-html\"><script src=\"https:\/\/cdn.quinbook.com\/shop.js\" data-shopid=\"f4f691ac947fd92b7ab3c33d3f90bfed\"><\/script><\/div><\/div><\/div><\/div><\/div><\/section><section class=\"l-section wpb_row height_medium\"><div class=\"l-section-h i-cf\"><div class=\"g-cols vc_row via_grid cols_1 laptops-cols_inherit tablets-cols_inherit mobiles-cols_1 valign_top type_default stacking_default\"><div class=\"wpb_column vc_column_container\"><div class=\"vc_column-inner\"><div class=\"wpb_text_column\"><div class=\"wpb_wrapper\"><p>Du suchst nach einem au\u00dfergew\u00f6hnlichen Geschenk, das garantiert gut ankommt? Unsere <strong>Lasertag Gutscheine in Hannover<\/strong> sind die ideale Wahl f\u00fcr jeden Anlass! Ob Geburtstag, Junggesellenabschied, Teamevent oder einfach nur, um jemandem eine Freude zu machen \u2013 mit einem Gutschein f\u00fcr Lasertag schenkst du Adrenalin, Abenteuer und unvergessliche Erlebnisse.<\/p>\n<h3>Warum Lasertag Gutscheine?<\/h3>\n<ul>\n<li><strong>Flexible Nutzung:<\/strong> Die Gutscheine k\u00f6nnen f\u00fcr jede unserer spannenden Lasertag-Arenen in Hannover eingel\u00f6st werden \u2013 perfekt f\u00fcr Anf\u00e4nger und erfahrene Spieler.<\/li>\n<li><strong>Einfach und unkompliziert:<\/strong> Bestelle deinen Gutschein direkt online oder kaufe ihn bei deinem n\u00e4chsten Besuch vor Ort.<\/li>\n<li><strong>Vielf\u00e4ltig einsetzbar:<\/strong> Unsere Gutscheine eignen sich nicht nur f\u00fcr Einzelspiele, sondern auch f\u00fcr Gruppen und spezielle Events.<\/li>\n<\/ul>\n<h3>Abenteuer verschenken \u2013 auch Last Minute!<\/h3>\n<p>Keine Zeit mehr, ein Geschenk zu besorgen? Kein Problem! Unsere digitalen Gutscheine stehen dir direkt nach der Bestellung als PDF zur Verf\u00fcgung. So kannst du selbst auf den letzten Dr\u00fccker ein Geschenk mit Wow-Effekt zaubern.<\/p>\n<h3>Erlebe Hannover neu mit Lasertag<\/h3>\n<p>Unsere Lasertag-Arenen in Hannover bieten modernste Technik, aufregende Spielmodi und spannende Challenges f\u00fcr Gro\u00df und Klein. Mit einem Gutschein \u00f6ffnest du die T\u00fcr zu einem unvergesslichen Erlebnis in der Welt des Lasertags.<\/p>\n<\/div><\/div><\/div><\/div><\/div><\/div><\/section>\n","protected":false},"excerpt":{"rendered":"Lasertag &#8211;\u00a0Gutschein in Hannover Das perfekte Geschenk f\u00fcr Action und Spa\u00df! Verschenke ein besonderes Erlebnis! Du suchst nach einem au\u00dfergew\u00f6hnlichen Geschenk, das garantiert gut ankommt? Unsere Lasertag Gutscheine in Hannover sind die ideale Wahl f\u00fcr jeden Anlass! Ob Geburtstag, Junggesellenabschied, Teamevent oder einfach nur, um jemandem eine Freude zu machen \u2013 mit einem Gutschein f\u00fcr...","protected":false},"author":1,"featured_media":0,"parent":0,"menu_order":0,"comment_status":"closed","ping_status":"closed","template":"","meta":{"footnotes":""},"yoast_head":"<!-- This site is optimized with the Yoast SEO plugin v20.13 - https:\/\/yoast.com\/wordpress\/plugins\/seo\/ -->\n<title>Gutschein - Lasertag City | Hannover - Linden<\/title>\n<meta name=\"robots\" content=\"index, follow, max-snippet:-1, max-image-preview:large, max-video-preview:-1\" \/>\n<link rel=\"canonical\" href=\"https:\/\/lasertag-city.de\/hannover\/gutschein\/\" \/>\n<meta property=\"og:locale\" content=\"de_DE\" \/>\n<meta property=\"og:type\" content=\"article\" \/>\n<meta property=\"og:title\" content=\"Gutschein - Lasertag City | Hannover - Linden\" \/>\n<meta property=\"og:url\" content=\"https:\/\/lasertag-city.de\/hannover\/gutschein\/\" \/>\n<meta property=\"og:site_name\" content=\"Lasertag City | Hannover - Linden\" \/>\n<meta property=\"article:modified_time\" content=\"2024-12-04T16:32:08+00:00\" \/>\n<meta name=\"twitter:card\" content=\"summary_large_image\" \/>\n<meta name=\"twitter:label1\" content=\"Gesch\u00e4tzte Lesezeit\" \/>\n\t<meta name=\"twitter:data1\" content=\"1\u00a0Minute\" \/>\n<script type=\"application\/ld+json\" class=\"yoast-schema-graph\">{\"@context\":\"https:\/\/schema.org\",\"@graph\":[{\"@type\":\"WebPage\",\"@id\":\"https:\/\/lasertag-city.de\/hannover\/gutschein\/\",\"url\":\"https:\/\/lasertag-city.de\/hannover\/gutschein\/\",\"name\":\"Gutschein - Lasertag City | Hannover - Linden\",\"isPartOf\":{\"@id\":\"https:\/\/lasertag-city.de\/hannover\/#website\"},\"datePublished\":\"2023-07-29T09:57:34+00:00\",\"dateModified\":\"2024-12-04T16:32:08+00:00\",\"breadcrumb\":{\"@id\":\"https:\/\/lasertag-city.de\/hannover\/gutschein\/#breadcrumb\"},\"inLanguage\":\"de\",\"potentialAction\":[{\"@type\":\"ReadAction\",\"target\":[\"https:\/\/lasertag-city.de\/hannover\/gutschein\/\"]}]},{\"@type\":\"BreadcrumbList\",\"@id\":\"https:\/\/lasertag-city.de\/hannover\/gutschein\/#breadcrumb\",\"itemListElement\":[{\"@type\":\"ListItem\",\"position\":1,\"name\":\"Startseite\",\"item\":\"https:\/\/lasertag-city.de\/hannover\/\"},{\"@type\":\"ListItem\",\"position\":2,\"name\":\"Gutschein\"}]},{\"@type\":\"WebSite\",\"@id\":\"https:\/\/lasertag-city.de\/hannover\/#website\",\"url\":\"https:\/\/lasertag-city.de\/hannover\/\",\"name\":\"Lasertag City | Hannover - Linden\",\"description\":\"Sichere dir jetzt das beste Lasertag - Erlebnis in Hannover! Mit der neusten Anlagen bieten dir ein actiongeladenes &amp; unvergessliches Event!\",\"publisher\":{\"@id\":\"https:\/\/lasertag-city.de\/hannover\/#organization\"},\"potentialAction\":[{\"@type\":\"SearchAction\",\"target\":{\"@type\":\"EntryPoint\",\"urlTemplate\":\"https:\/\/lasertag-city.de\/hannover\/?s={search_term_string}\"},\"query-input\":\"required name=search_term_string\"}],\"inLanguage\":\"de\"},{\"@type\":\"Organization\",\"@id\":\"https:\/\/lasertag-city.de\/hannover\/#organization\",\"name\":\"Lasertag City | Hannover - Linden\",\"url\":\"https:\/\/lasertag-city.de\/hannover\/\",\"logo\":{\"@type\":\"ImageObject\",\"inLanguage\":\"de\",\"@id\":\"https:\/\/lasertag-city.de\/hannover\/#\/schema\/logo\/image\/\",\"url\":\"https:\/\/lasertag-city.de\/hannover\/wp-content\/uploads\/sites\/2\/2023\/07\/Lasertag-City-Hannover-Logo-e1690625462663.png\",\"contentUrl\":\"https:\/\/lasertag-city.de\/hannover\/wp-content\/uploads\/sites\/2\/2023\/07\/Lasertag-City-Hannover-Logo-e1690625462663.png\",\"width\":810,\"height\":360,\"caption\":\"Lasertag City | Hannover - Linden\"},\"image\":{\"@id\":\"https:\/\/lasertag-city.de\/hannover\/#\/schema\/logo\/image\/\"},\"sameAs\":[\"https:\/\/www.instagram.com\/lasertag_city_hannover\/\"]}]}<\/script>\n<!-- \/ Yoast SEO plugin. -->","yoast_head_json":{"title":"Gutschein - Lasertag City | Hannover - Linden","robots":{"index":"index","follow":"follow","max-snippet":"max-snippet:-1","max-image-preview":"max-image-preview:large","max-video-preview":"max-video-preview:-1"},"canonical":"https:\/\/lasertag-city.de\/hannover\/gutschein\/","og_locale":"de_DE","og_type":"article","og_title":"Gutschein - Lasertag City | Hannover - Linden","og_url":"https:\/\/lasertag-city.de\/hannover\/gutschein\/","og_site_name":"Lasertag City | Hannover - Linden","article_modified_time":"2024-12-04T16:32:08+00:00","twitter_card":"summary_large_image","twitter_misc":{"Gesch\u00e4tzte Lesezeit":"1\u00a0Minute"},"schema":{"@context":"https:\/\/schema.org","@graph":[{"@type":"WebPage","@id":"https:\/\/lasertag-city.de\/hannover\/gutschein\/","url":"https:\/\/lasertag-city.de\/hannover\/gutschein\/","name":"Gutschein - Lasertag City | Hannover - Linden","isPartOf":{"@id":"https:\/\/lasertag-city.de\/hannover\/#website"},"datePublished":"2023-07-29T09:57:34+00:00","dateModified":"2024-12-04T16:32:08+00:00","breadcrumb":{"@id":"https:\/\/lasertag-city.de\/hannover\/gutschein\/#breadcrumb"},"inLanguage":"de","potentialAction":[{"@type":"ReadAction","target":["https:\/\/lasertag-city.de\/hannover\/gutschein\/"]}]},{"@type":"BreadcrumbList","@id":"https:\/\/lasertag-city.de\/hannover\/gutschein\/#breadcrumb","itemListElement":[{"@type":"ListItem","position":1,"name":"Startseite","item":"https:\/\/lasertag-city.de\/hannover\/"},{"@type":"ListItem","position":2,"name":"Gutschein"}]},{"@type":"WebSite","@id":"https:\/\/lasertag-city.de\/hannover\/#website","url":"https:\/\/lasertag-city.de\/hannover\/","name":"Lasertag City | Hannover - Linden","description":"Sichere dir jetzt das beste Lasertag - Erlebnis in Hannover! Mit der neusten Anlagen bieten dir ein actiongeladenes &amp; unvergessliches Event!","publisher":{"@id":"https:\/\/lasertag-city.de\/hannover\/#organization"},"potentialAction":[{"@type":"SearchAction","target":{"@type":"EntryPoint","urlTemplate":"https:\/\/lasertag-city.de\/hannover\/?s={search_term_string}"},"query-input":"required name=search_term_string"}],"inLanguage":"de"},{"@type":"Organization","@id":"https:\/\/lasertag-city.de\/hannover\/#organization","name":"Lasertag City | Hannover - Linden","url":"https:\/\/lasertag-city.de\/hannover\/","logo":{"@type":"ImageObject","inLanguage":"de","@id":"https:\/\/lasertag-city.de\/hannover\/#\/schema\/logo\/image\/","url":"https:\/\/lasertag-city.de\/hannover\/wp-content\/uploads\/sites\/2\/2023\/07\/Lasertag-City-Hannover-Logo-e1690625462663.png","contentUrl":"https:\/\/lasertag-city.de\/hannover\/wp-content\/uploads\/sites\/2\/2023\/07\/Lasertag-City-Hannover-Logo-e1690625462663.png","width":810,"height":360,"caption":"Lasertag City | Hannover - Linden"},"image":{"@id":"https:\/\/lasertag-city.de\/hannover\/#\/schema\/logo\/image\/"},"sameAs":["https:\/\/www.instagram.com\/lasertag_city_hannover\/"]}]}},"_links":{"self":[{"href":"https:\/\/lasertag-city.de\/hannover\/wp-json\/wp\/v2\/pages\/22"}],"collection":[{"href":"https:\/\/lasertag-city.de\/hannover\/wp-json\/wp\/v2\/pages"}],"about":[{"href":"https:\/\/lasertag-city.de\/hannover\/wp-json\/wp\/v2\/types\/page"}],"author":[{"embeddable":true,"href":"https:\/\/lasertag-city.de\/hannover\/wp-json\/wp\/v2\/users\/1"}],"replies":[{"embeddable":true,"href":"https:\/\/lasertag-city.de\/hannover\/wp-json\/wp\/v2\/comments?post=22"}],"version-history":[{"count":3,"href":"https:\/\/lasertag-city.de\/hannover\/wp-json\/wp\/v2\/pages\/22\/revisions"}],"predecessor-version":[{"id":463,"href":"https:\/\/lasertag-city.de\/hannover\/wp-json\/wp\/v2\/pages\/22\/revisions\/463"}],"wp:attachment":[{"href":"https:\/\/lasertag-city.de\/hannover\/wp-json\/wp\/v2\/media?parent=22"}],"curies":[{"name":"wp","href":"https:\/\/api.w.org\/{rel}","templated":true}]}}