{"id":18,"date":"2023-07-29T11:57:03","date_gmt":"2023-07-29T09:57:03","guid":{"rendered":"http:\/\/laser.room-made.de\/hannover\/?page_id=18"},"modified":"2025-11-10T15:34:06","modified_gmt":"2025-11-10T14:34:06","slug":"angebote-preise","status":"publish","type":"page","link":"https:\/\/lasertag-city.de\/hannover\/angebote-preise\/","title":{"rendered":"Angebote &amp; Preise"},"content":{"rendered":"<section class=\"l-section wpb_row height_small\"><div class=\"l-section-overlay\" style=\"background:var(--color-alt-content-secondary-grad)\"><\/div><div class=\"l-section-h i-cf\"><div class=\"g-cols vc_row via_grid cols_1 laptops-cols_inherit tablets-cols_inherit mobiles-cols_1 valign_top type_default stacking_default\"><div class=\"wpb_column vc_column_container\"><div class=\"vc_column-inner\"><div class=\"wpb_text_column\"><div class=\"wpb_wrapper\"><h1 class=\"aux-modern-heading-primary\" style=\"text-align: center;\">Preise \/ Angebote<\/h1>\n<\/div><\/div><\/div><\/div><\/div><\/div><\/section><section class=\"l-section wpb_row us_custom_c3f4d55f height_medium width_full with_img\" id=\"preise\"><div class=\"l-section-img\" role=\"img\" data-img-width=\"1280\" data-img-height=\"808\" style=\"background-image: url(https:\/\/lasertag-city.de\/hannover\/wp-content\/uploads\/sites\/2\/2023\/07\/LasertagCity-Hannover-Background.jpg);\"><\/div><div class=\"l-section-overlay\" style=\"background:rgba(26,26,26,0.93)\"><\/div><div class=\"l-section-h i-cf\"><div class=\"g-cols vc_row via_grid cols_1 laptops-cols_inherit tablets-cols_inherit mobiles-cols_1 valign_top type_default stacking_default\"><div class=\"wpb_column vc_column_container\"><div class=\"vc_column-inner\"><div class=\"g-cols wpb_row via_grid cols_2 laptops-cols_inherit tablets-cols_inherit mobiles-cols_1 valign_middle type_default stacking_default\"><div class=\"wpb_column vc_column_container us_custom_9bf23999 has_bg_color\"><div class=\"vc_column-inner\"><div class=\"wpb_text_column\"><div class=\"wpb_wrapper\"><h4 style=\"text-align: center;\"><span style=\"text-decoration: underline;\">UNSER STANDARDTARIF<\/span><\/h4>\n<\/div><\/div><div class=\"w-separator size_small\"><\/div><div class=\"wpb_text_column\"><div class=\"wpb_wrapper\"><p style=\"text-align: center;\"><strong><span style=\"font-size: 14pt;\">3 Spiele f\u00fcr 15 \u20ac innerhalb einer Stunde.<\/span><\/strong><\/p>\n<p style=\"text-align: center;\"><span style=\"font-size: 14pt;\">Mit kleinen Pausen zwischen den Spielen.<\/span><\/p>\n<\/div><\/div><div class=\"w-separator size_small\"><\/div><div class=\"w-btn-wrapper align_center\"><a class=\"w-btn us-btn-style_3\" href=\"https:\/\/lasertag-city.de\/hannover\/angebote-preise\/#buchen\"><span class=\"w-btn-label\">Hier buchen!<\/span><\/a><\/div><\/div><\/div><div class=\"wpb_column vc_column_container us_custom_5188452c has_bg_color\"><div class=\"vc_column-inner\"><div class=\"wpb_text_column\"><div class=\"wpb_wrapper\"><h4 style=\"text-align: center;\"><span style=\"text-decoration: underline;\">Early-Bird Geburtstags-Paket\u00a0<\/span><\/h4>\n<\/div><\/div><div class=\"w-separator size_small\"><\/div><div class=\"wpb_text_column\"><div class=\"wpb_wrapper\"><p style=\"text-align: center;\"><strong><span style=\"font-size: 14pt;\">6 Spiele f\u00fcr 20 \u20ac innerhalb von zwei Stunden.<\/span><\/strong><\/p>\n<p style=\"text-align: center;\">Samstags und sonntags spielen Fr\u00fchaufsteher*innen im Alter von 10-16 Jahren, von 10 &#8211; 12Uhr samstags und 11-13Uhr sonntags innerhalb von 2 h mindestens 6 Spiele!<\/p>\n<p style=\"text-align: center;\"><span style=\"text-decoration: underline;\">Ausschlie\u00dflich f\u00fcr Kindergeburtstage<\/span><\/p>\n<\/div><\/div><div class=\"w-separator size_small\"><\/div><div class=\"w-btn-wrapper align_center\"><a class=\"w-btn us-btn-style_3\" href=\"https:\/\/lasertag-city.de\/hannover\/angebote-preise\/#buchen\"><span class=\"w-btn-label\">Hier buchen!<\/span><\/a><\/div><\/div><\/div><\/div><div class=\"w-separator size_medium\"><\/div><div class=\"g-cols wpb_row via_grid cols_2 laptops-cols_inherit tablets-cols_inherit mobiles-cols_1 valign_middle type_default stacking_default\"><div class=\"wpb_column vc_column_container us_custom_5188452c has_bg_color\"><div class=\"vc_column-inner\"><div class=\"wpb_text_column\"><div class=\"wpb_wrapper\"><h3 style=\"text-align: center;\"><span style=\"text-decoration: underline;\">Donnerstag ist Studiabend<\/span><\/h3>\n<\/div><\/div><div class=\"w-separator size_small\"><\/div><div class=\"wpb_text_column\"><div class=\"wpb_wrapper\"><p style=\"text-align: center;\"><strong>18 &#8211; 22 Uhr<\/strong><br \/>\n<strong>1 h<\/strong><br \/>\n<strong>3 Spiele + 3 Getr\u00e4nke + 1 T\u00fcte Chips<\/strong><\/p>\n<\/div><\/div><div class=\"w-separator size_small\"><\/div><div class=\"wpb_text_column\"><div class=\"wpb_wrapper\"><h4 style=\"text-align: center;\">f\u00fcr 20\u20ac\/Student*in<\/h4>\n<p style=\"text-align: center;\">Studiausweis nicht vergessen!<\/p>\n<\/div><\/div><div class=\"w-separator size_small\"><\/div><div class=\"w-btn-wrapper align_center\"><a class=\"w-btn us-btn-style_3\" href=\"https:\/\/lasertag-city.de\/hannover\/angebote-preise\/#buchen\"><span class=\"w-btn-label\">Hier buchen!<\/span><\/a><\/div><\/div><\/div><div class=\"wpb_column vc_column_container us_custom_9bf23999 has_bg_color\"><div class=\"vc_column-inner\"><div class=\"wpb_text_column\"><div class=\"wpb_wrapper\"><h3 style=\"text-align: center;\"><span style=\"text-decoration: underline;\">Afterwork Fr\u00fchjahrs-Sport mit Spa\u00df<\/span><\/h3>\n<\/div><\/div><div class=\"w-separator size_small\"><\/div><div class=\"wpb_text_column\"><div class=\"wpb_wrapper\"><p style=\"text-align: center;\"><strong><span style=\"font-size: 14pt;\">Dienstags 18-22Uhr<\/span><\/strong><\/p>\n<p style=\"text-align: center;\"><strong><span style=\"font-size: 14pt;\">2h mit mindestens 6 Spiele<\/span><\/strong><\/p>\n<\/div><\/div><div class=\"w-separator size_small\"><\/div><div class=\"wpb_text_column\"><div class=\"wpb_wrapper\"><h4 style=\"text-align: center;\">f\u00fcr 20\u20ac \/ Person<\/h4>\n<\/div><\/div><div class=\"w-separator size_small\"><\/div><div class=\"w-btn-wrapper align_center\"><a class=\"w-btn us-btn-style_3\" href=\"https:\/\/lasertag-city.de\/hannover\/angebote-preise\/#buchen\"><span class=\"w-btn-label\">Hier buchen!<\/span><\/a><\/div><\/div><\/div><\/div><div class=\"w-separator size_medium\"><\/div><div class=\"g-cols wpb_row via_grid cols_3 laptops-cols_inherit tablets-cols_inherit mobiles-cols_1 valign_top type_default stacking_default\"><div class=\"wpb_column vc_column_container\"><div class=\"vc_column-inner\"><div class=\"w-flipbox animation_cardflip direction_w\"><div class=\"w-flipbox-h easing_ease\" style=\"transition-duration:0.5s;\"><div class=\"w-flipbox-hh\"><div class=\"w-flipbox-front us_custom_e3884ff9\" style=\"background:rgba(212,107,225,0.50);color:var(--color-content-text);\"><div class=\"w-flipbox-front-h\"><h4 class=\"w-flipbox-front-title\" style=\"font-size:1.8rem;\">Kinder-geburtstag<\/h4><div class=\"w-flipbox-front-desc\"><p>Ab 15 \u20ac pro Person<br \/>\nDiese Tarife sind<br \/>\nab 4 Personen buchbar und auch f\u00fcr mehrere Stunden.<\/p>\n<p>Alter 10-16 Jahre, Aufsichtspersonen d\u00fcrfen zum gleichen Preis mitspielen<\/p>\n<\/div><\/div><\/div><div class=\"w-flipbox-back us_custom_e3884ff9\" style=\"display:none;background:rgba(91,92,255,0.50);\"><div class=\"w-flipbox-back-h\"><h4 class=\"w-flipbox-back-title\">Kinder-geburtstag<\/h4><div class=\"w-flipbox-back-desc\"><p>Es stehen verschiedene Buchungspakete zur Verf\u00fcgung. F\u00fcr weitere Informationen klick auf den Button<\/p>\n<\/div><a href=\"https:\/\/lasertag-city.de\/hannover\/kindergeburtstag\/\" class=\"w-btn us-btn-style_3\"><span class=\"w-btn-label\">mehr erfahren<\/span><\/a><\/div><\/div><\/div><\/div><\/div><\/div><\/div><div class=\"wpb_column vc_column_container\"><div class=\"vc_column-inner\"><div class=\"w-flipbox animation_cardflip direction_w\"><div class=\"w-flipbox-h easing_ease\" style=\"transition-duration:0.5s;\"><div class=\"w-flipbox-hh\"><div class=\"w-flipbox-front us_custom_e3884ff9\" style=\"background:rgba(91,92,255,0.50);color:var(--color-content-text);\"><div class=\"w-flipbox-front-h\"><h4 class=\"w-flipbox-front-title\" style=\"font-size:1.8rem;\">JGA<\/h4><div class=\"w-flipbox-front-desc\"><p>Ab 17 \u20ac pro Person<br \/>\nDiese Tarife sind<br \/>\nab 4 Personen buchbar und auch f\u00fcr mehrere Stunden.<\/p>\n<p>Verschiedene JGA-Pakete<\/p>\n<\/div><\/div><\/div><div class=\"w-flipbox-back us_custom_e3884ff9\" style=\"display:none;background:rgba(212,107,225,0.50);\"><div class=\"w-flipbox-back-h\"><h4 class=\"w-flipbox-back-title\">JGA<\/h4><div class=\"w-flipbox-back-desc\"><p>Es stehen verschiedene Buchungspakete zur Verf\u00fcgung. F\u00fcr weitere Informationen klick auf den Button<\/p>\n<\/div><a href=\"https:\/\/lasertag-city.de\/hannover\/jga\/\" class=\"w-btn us-btn-style_3\"><span class=\"w-btn-label\">mehr erfahren<\/span><\/a><\/div><\/div><\/div><\/div><\/div><\/div><\/div><div class=\"wpb_column vc_column_container\"><div class=\"vc_column-inner\"><div class=\"w-flipbox animation_cardflip direction_w\"><div class=\"w-flipbox-h easing_ease\" style=\"transition-duration:0.5s;\"><div class=\"w-flipbox-hh\"><div class=\"w-flipbox-front us_custom_e3884ff9\" style=\"background:rgba(212,107,225,0.50);color:var(--color-content-text);\"><div class=\"w-flipbox-front-h\"><h4 class=\"w-flipbox-front-title\" style=\"font-size:1.8rem;\">Schulklassen oder betreute Gruppen<\/h4><div class=\"w-flipbox-front-desc\"><p>Ab 8 \u20ac pro Person<br \/>\nvormittags zur Schulzeit.<br \/>\nDiese Tarife sind<br \/>\nab 10 Personen buchbar und auch f\u00fcr mehrere Stunden.<\/p>\n<\/div><\/div><\/div><div class=\"w-flipbox-back us_custom_e3884ff9\" style=\"display:none;background:rgba(91,92,255,0.50);\"><div class=\"w-flipbox-back-h\"><h4 class=\"w-flipbox-back-title\">Schulklassen oder betreute Gruppen<\/h4><div class=\"w-flipbox-back-desc\"><p>Ab 8 \u20ac pro Person<\/p>\n<p>2 Spiele \u00e1 10 Minuten vormittags und nach Absprache<\/p>\n<\/div><a href=\"https:\/\/lasertag-city.de\/hannover\/schulklassen-und-betreute-gruppen\/\" class=\"w-btn us-btn-style_3\"><span class=\"w-btn-label\">mehr erfahren<\/span><\/a><\/div><\/div><\/div><\/div><\/div><\/div><\/div><\/div><div class=\"w-separator size_medium\"><\/div><\/div><\/div><\/div><\/div><\/section><section class=\"l-section wpb_row height_small\"><div class=\"l-section-overlay\" style=\"background:var(--color-content-secondary-grad)\"><\/div><div class=\"l-section-h i-cf\"><div class=\"g-cols vc_row via_grid cols_1 laptops-cols_inherit tablets-cols_inherit mobiles-cols_1 valign_top type_default stacking_default\"><div class=\"wpb_column vc_column_container\"><div class=\"vc_column-inner\"><div class=\"wpb_text_column\"><div class=\"wpb_wrapper\"><h1 class=\"aux-modern-heading-primary\" style=\"text-align: center;\">Unser Angebot<\/h1>\n<\/div><\/div><\/div><\/div><\/div><\/div><\/section><section class=\"l-section wpb_row height_medium\"><div class=\"l-section-h i-cf\"><div class=\"g-cols vc_row via_grid cols_1 laptops-cols_inherit tablets-cols_inherit mobiles-cols_1 valign_top type_default stacking_default\"><div class=\"wpb_column vc_column_container\"><div class=\"vc_column-inner\"><div class=\"g-cols wpb_row via_grid cols_3 laptops-cols_inherit tablets-cols_inherit mobiles-cols_1 valign_middle type_default stacking_default\"><div class=\"wpb_column vc_column_container us_custom_88076c12\"><div class=\"vc_column-inner\"><div class=\"w-separator size_small\"><\/div><div class=\"w-iconbox iconpos_top style_default color_primary align_center no_text no_title\"><div class=\"w-iconbox-icon\" style=\"font-size:2rem;\"><i class=\"fas fa-star\"><\/i><\/div><div class=\"w-iconbox-meta\"><\/div><\/div><div class=\"w-separator size_small\"><\/div><div class=\"wpb_text_column\"><div class=\"wpb_wrapper\"><h4 style=\"text-align: center;\">Firmen -Events<\/h4>\n<\/div><\/div><div class=\"wpb_text_column\"><div class=\"wpb_wrapper\"><p style=\"text-align: center;\">Sprich uns an, wir planen zusammen Euer Firmenevent mit verschiedenen Modulen.<\/p>\n<\/div><\/div><div class=\"w-separator size_small\"><\/div><\/div><\/div><div class=\"wpb_column vc_column_container us_custom_4d826091\"><div class=\"vc_column-inner\"><div class=\"w-separator size_small\"><\/div><div class=\"w-iconbox iconpos_top style_default color_primary align_center no_text no_title\"><div class=\"w-iconbox-icon\" style=\"font-size:2rem;\"><i class=\"fas fa-star\"><\/i><\/div><div class=\"w-iconbox-meta\"><\/div><\/div><div class=\"w-separator size_small\"><\/div><div class=\"wpb_text_column\"><div class=\"wpb_wrapper\"><h4 style=\"text-align: center;\">Erm\u00e4\u00dfigungen<\/h4>\n<\/div><\/div><div class=\"wpb_text_column\"><div class=\"wpb_wrapper\"><p style=\"text-align: center;\">Spielt als Abteilung, Betreute Jugendgruppe, Sportverein, Schulklasse, Azubis, Studenten, Krankenhausstation, Polizeistation, Feuerwehr oder soziale Einrichtung verg\u00fcnstigt!<\/p>\n<\/div><\/div><div class=\"w-separator size_small\"><\/div><\/div><\/div><div class=\"wpb_column vc_column_container us_custom_de3835ee\"><div class=\"vc_column-inner\"><div class=\"w-separator size_small\"><\/div><div class=\"w-iconbox iconpos_top style_default color_primary align_center no_text no_title\"><div class=\"w-iconbox-icon\" style=\"font-size:2rem;\"><i class=\"fas fa-star\"><\/i><\/div><div class=\"w-iconbox-meta\"><\/div><\/div><div class=\"w-separator size_small\"><\/div><div class=\"wpb_text_column\"><div class=\"wpb_wrapper\"><h4 style=\"text-align: center;\">Exclusive Hallenmiete<\/h4>\n<\/div><\/div><div class=\"wpb_text_column\"><div class=\"wpb_wrapper\"><p style=\"text-align: center;\">Du m\u00f6chtest f\u00fcr dich und deine Freunde die Halle exklusiv zum Spielen? Dann buche die Halle f\u00fcr euch f\u00fcr eine Stunde.<\/p>\n<\/div><\/div><div class=\"w-separator size_small\"><\/div><\/div><\/div><\/div><\/div><\/div><\/div><\/div><\/section><section class=\"l-section wpb_row height_small\" id=\"buchen\"><div class=\"l-section-overlay\" style=\"background:var(--color-content-secondary-grad)\"><\/div><div class=\"l-section-h i-cf\"><div class=\"g-cols vc_row via_grid cols_1 laptops-cols_inherit tablets-cols_inherit mobiles-cols_1 valign_top type_default stacking_default\"><div class=\"wpb_column vc_column_container\"><div class=\"vc_column-inner\"><div class=\"wpb_text_column\"><div class=\"wpb_wrapper\"><h1 class=\"aux-modern-heading-primary\" style=\"text-align: center;\">JETZT HIER BUCHEN<\/h1>\n<\/div><\/div><\/div><\/div><\/div><\/div><\/section><section class=\"l-section wpb_row height_medium\"><div class=\"l-section-h i-cf\"><div class=\"g-cols vc_row via_grid cols_1 laptops-cols_inherit tablets-cols_inherit mobiles-cols_1 valign_top type_default stacking_default\"><div class=\"wpb_column vc_column_container\"><div class=\"vc_column-inner\"><div class=\"g-cols wpb_row us_custom_bac254ec us_animate_this via_grid cols_1 laptops-cols_inherit tablets-cols_inherit mobiles-cols_1 valign_top type_default stacking_default\"><div class=\"wpb_column vc_column_container\"><div class=\"vc_column-inner\"><div class=\"wpb_text_column us_custom_bef18a3b has_text_color\"><div class=\"wpb_wrapper\"><h4 class=\"p1\" style=\"text-align: center;\"><strong>Bei der Onlinebuchung muss nicht direkt gezahlt werden, sondern erst vor Ort!<\/strong><\/h4>\n<\/div><\/div><\/div><\/div><\/div><div class=\"w-separator size_medium\"><\/div><section class=\"l-section wpb_row height_medium\"><div class=\"l-section-h i-cf\"><div class=\"g-cols vc_row via_grid cols_1 laptops-cols_inherit tablets-cols_inherit mobiles-cols_1 valign_top type_default stacking_default\"><div class=\"wpb_column vc_column_container\"><div class=\"vc_column-inner\">[vc_raw_js]JTNDc2NyaXB0JTIwc3JjJTNEJTIyaHR0cHMlM0ElMkYlMkZjZG4ucXVpbmJvb2suY29tJTJGc2hvcC5qcyUyMiUyMGRhdGEtc2hvcGlkJTNEJTIyNDFhNmZkMzFhYTJlNzVjM2M2ZDQyN2RiM2QxN2VhODAlMjIlM0UlM0MlMkZzY3JpcHQlM0U=[\/vc_raw_js]<\/div><\/div><\/div><\/div><\/section>\n<section class=\"l-section wpb_row height_medium\"><div class=\"l-section-h i-cf\"><div class=\"g-cols vc_row via_grid cols_1 laptops-cols_inherit tablets-cols_inherit mobiles-cols_1 valign_top type_default stacking_default\"><div class=\"wpb_column vc_column_container\"><div class=\"vc_column-inner\"><div class=\"wpb_text_column\"><div class=\"wpb_wrapper\"><h4 style=\"text-align: center\"><span style=\"text-decoration: underline\"><strong>ALLGEMEINE HINWEISE<\/strong><\/span><\/h4>\n<p>&nbsp;<\/p>\n<ul>\n<li>Mindestalter ab 10 Jahren, ohne Ausnahmen!<\/li>\n<li>Bis 48 Stunden vorher kannst du kostenlos stornieren. Danach muss der volle Preis bezahlt werden. Auch spontane Krankheit befreit nicht davon.<\/li>\n<li>Es ist nur Personal vor Ort, wenn Buchungen stattfinden<\/li>\n<li>Unsere Telefonzeiten sind von 10 bis 20 Uhr.<\/li>\n<li>Buchungen m\u00fcssen online vorgenommen werden. Bei Fragen oder Problemen stehen wir dir zur Seite.<\/li>\n<li>F\u00fcr kurze Fragen zur Buchung oder spontane Anfragen ruf gern direkt bei uns an der Theke (<a href=\"tel:+\u202d4951151543280\u202c\">\u202d0511 51543280\u202c<\/a>) an oder schreib uns via <a href=\"https:\/\/api.whatsapp.com\/send\/?phone=4951151543280&amp;text&amp;type=phone_number&amp;app_absent=0\" target=\"_blank\" rel=\"noopener\">WhatsApp<\/a>.<\/li>\n<li>F\u00fcr Beratung oder weitere Anfragen erreichst du unseren Standortleiter Gerrit direkt unter <a href=\"mailto:gerrit@lasertag-city.de\">gerrit@lasertag-city.de<\/a><\/li>\n<li>Unsere Stundenpakete (3Spiele a 10min\/h) starten immer zur vollen Stunde und k\u00f6nnen auch mehrfach hintereinander gebucht werden, wenn ihr l\u00e4nger als eine Stunde bleiben m\u00f6chtet.<\/li>\n<li>Es kann nur bei einer Mindestbuchungszeit von 2h Pizza zu uns bestellt werden.<\/li>\n<li>Einen Tisch hat man nur f\u00fcr die Buchungszeit, nicht dar\u00fcber hinaus.<\/li>\n<li>Kuchen\/Snacks d\u00fcrfen selbst mitgebracht werden, dann muss aber auch Geschirr und Besteck selbst mitgebracht werden.<\/li>\n<li>Getr\u00e4nke au\u00dfer Wasser bitte an unserer Theke erwerben<\/li>\n<\/ul>\n<\/div><\/div><\/div><\/div><\/div><\/div><\/section>\n<\/div><\/div><\/div><\/div><\/section>\n","protected":false},"excerpt":{"rendered":"Preise \/ Angebote UNSER STANDARDTARIF 3 Spiele f\u00fcr 15 \u20ac innerhalb einer Stunde. Mit kleinen Pausen zwischen den Spielen. Hier buchen!Early-Bird Geburtstags-Paket\u00a0 6 Spiele f\u00fcr 20 \u20ac innerhalb von zwei Stunden. Samstags und sonntags spielen Fr\u00fchaufsteher*innen im Alter von 10-16 Jahren, von 10 &#8211; 12Uhr samstags und 11-13Uhr sonntags innerhalb von 2 h mindestens 6...","protected":false},"author":1,"featured_media":0,"parent":0,"menu_order":0,"comment_status":"closed","ping_status":"closed","template":"","meta":{"footnotes":""},"yoast_head":"<!-- This site is optimized with the Yoast SEO plugin v20.13 - https:\/\/yoast.com\/wordpress\/plugins\/seo\/ -->\n<title>Angebote &amp; Preise - Lasertag City | Hannover - Linden<\/title>\n<meta name=\"robots\" content=\"index, follow, max-snippet:-1, max-image-preview:large, max-video-preview:-1\" \/>\n<link rel=\"canonical\" href=\"https:\/\/lasertag-city.de\/hannover\/angebote-preise\/\" \/>\n<meta property=\"og:locale\" content=\"de_DE\" \/>\n<meta property=\"og:type\" content=\"article\" \/>\n<meta property=\"og:title\" content=\"Angebote &amp; Preise - Lasertag City | Hannover - Linden\" \/>\n<meta property=\"og:url\" content=\"https:\/\/lasertag-city.de\/hannover\/angebote-preise\/\" \/>\n<meta property=\"og:site_name\" content=\"Lasertag City | Hannover - Linden\" \/>\n<meta property=\"article:modified_time\" content=\"2025-11-10T14:34:06+00:00\" \/>\n<meta name=\"twitter:card\" content=\"summary_large_image\" \/>\n<meta name=\"twitter:label1\" content=\"Gesch\u00e4tzte Lesezeit\" \/>\n\t<meta name=\"twitter:data1\" content=\"3\u00a0Minuten\" \/>\n<script type=\"application\/ld+json\" class=\"yoast-schema-graph\">{\"@context\":\"https:\/\/schema.org\",\"@graph\":[{\"@type\":\"WebPage\",\"@id\":\"https:\/\/lasertag-city.de\/hannover\/angebote-preise\/\",\"url\":\"https:\/\/lasertag-city.de\/hannover\/angebote-preise\/\",\"name\":\"Angebote &amp; Preise - Lasertag City | Hannover - Linden\",\"isPartOf\":{\"@id\":\"https:\/\/lasertag-city.de\/hannover\/#website\"},\"datePublished\":\"2023-07-29T09:57:03+00:00\",\"dateModified\":\"2025-11-10T14:34:06+00:00\",\"breadcrumb\":{\"@id\":\"https:\/\/lasertag-city.de\/hannover\/angebote-preise\/#breadcrumb\"},\"inLanguage\":\"de\",\"potentialAction\":[{\"@type\":\"ReadAction\",\"target\":[\"https:\/\/lasertag-city.de\/hannover\/angebote-preise\/\"]}]},{\"@type\":\"BreadcrumbList\",\"@id\":\"https:\/\/lasertag-city.de\/hannover\/angebote-preise\/#breadcrumb\",\"itemListElement\":[{\"@type\":\"ListItem\",\"position\":1,\"name\":\"Startseite\",\"item\":\"https:\/\/lasertag-city.de\/hannover\/\"},{\"@type\":\"ListItem\",\"position\":2,\"name\":\"Angebote &amp; Preise\"}]},{\"@type\":\"WebSite\",\"@id\":\"https:\/\/lasertag-city.de\/hannover\/#website\",\"url\":\"https:\/\/lasertag-city.de\/hannover\/\",\"name\":\"Lasertag City | Hannover - Linden\",\"description\":\"Sichere dir jetzt das beste Lasertag - Erlebnis in Hannover! Mit der neusten Anlagen bieten dir ein actiongeladenes &amp; unvergessliches Event!\",\"publisher\":{\"@id\":\"https:\/\/lasertag-city.de\/hannover\/#organization\"},\"potentialAction\":[{\"@type\":\"SearchAction\",\"target\":{\"@type\":\"EntryPoint\",\"urlTemplate\":\"https:\/\/lasertag-city.de\/hannover\/?s={search_term_string}\"},\"query-input\":\"required name=search_term_string\"}],\"inLanguage\":\"de\"},{\"@type\":\"Organization\",\"@id\":\"https:\/\/lasertag-city.de\/hannover\/#organization\",\"name\":\"Lasertag City | Hannover - Linden\",\"url\":\"https:\/\/lasertag-city.de\/hannover\/\",\"logo\":{\"@type\":\"ImageObject\",\"inLanguage\":\"de\",\"@id\":\"https:\/\/lasertag-city.de\/hannover\/#\/schema\/logo\/image\/\",\"url\":\"https:\/\/lasertag-city.de\/hannover\/wp-content\/uploads\/sites\/2\/2023\/07\/Lasertag-City-Hannover-Logo-e1690625462663.png\",\"contentUrl\":\"https:\/\/lasertag-city.de\/hannover\/wp-content\/uploads\/sites\/2\/2023\/07\/Lasertag-City-Hannover-Logo-e1690625462663.png\",\"width\":810,\"height\":360,\"caption\":\"Lasertag City | Hannover - Linden\"},\"image\":{\"@id\":\"https:\/\/lasertag-city.de\/hannover\/#\/schema\/logo\/image\/\"},\"sameAs\":[\"https:\/\/www.instagram.com\/lasertag_city_hannover\/\"]}]}<\/script>\n<!-- \/ Yoast SEO plugin. -->","yoast_head_json":{"title":"Angebote &amp; Preise - Lasertag City | Hannover - Linden","robots":{"index":"index","follow":"follow","max-snippet":"max-snippet:-1","max-image-preview":"max-image-preview:large","max-video-preview":"max-video-preview:-1"},"canonical":"https:\/\/lasertag-city.de\/hannover\/angebote-preise\/","og_locale":"de_DE","og_type":"article","og_title":"Angebote &amp; Preise - Lasertag City | Hannover - Linden","og_url":"https:\/\/lasertag-city.de\/hannover\/angebote-preise\/","og_site_name":"Lasertag City | Hannover - Linden","article_modified_time":"2025-11-10T14:34:06+00:00","twitter_card":"summary_large_image","twitter_misc":{"Gesch\u00e4tzte Lesezeit":"3\u00a0Minuten"},"schema":{"@context":"https:\/\/schema.org","@graph":[{"@type":"WebPage","@id":"https:\/\/lasertag-city.de\/hannover\/angebote-preise\/","url":"https:\/\/lasertag-city.de\/hannover\/angebote-preise\/","name":"Angebote &amp; Preise - Lasertag City | Hannover - Linden","isPartOf":{"@id":"https:\/\/lasertag-city.de\/hannover\/#website"},"datePublished":"2023-07-29T09:57:03+00:00","dateModified":"2025-11-10T14:34:06+00:00","breadcrumb":{"@id":"https:\/\/lasertag-city.de\/hannover\/angebote-preise\/#breadcrumb"},"inLanguage":"de","potentialAction":[{"@type":"ReadAction","target":["https:\/\/lasertag-city.de\/hannover\/angebote-preise\/"]}]},{"@type":"BreadcrumbList","@id":"https:\/\/lasertag-city.de\/hannover\/angebote-preise\/#breadcrumb","itemListElement":[{"@type":"ListItem","position":1,"name":"Startseite","item":"https:\/\/lasertag-city.de\/hannover\/"},{"@type":"ListItem","position":2,"name":"Angebote &amp; Preise"}]},{"@type":"WebSite","@id":"https:\/\/lasertag-city.de\/hannover\/#website","url":"https:\/\/lasertag-city.de\/hannover\/","name":"Lasertag City | Hannover - Linden","description":"Sichere dir jetzt das beste Lasertag - Erlebnis in Hannover! Mit der neusten Anlagen bieten dir ein actiongeladenes &amp; unvergessliches Event!","publisher":{"@id":"https:\/\/lasertag-city.de\/hannover\/#organization"},"potentialAction":[{"@type":"SearchAction","target":{"@type":"EntryPoint","urlTemplate":"https:\/\/lasertag-city.de\/hannover\/?s={search_term_string}"},"query-input":"required name=search_term_string"}],"inLanguage":"de"},{"@type":"Organization","@id":"https:\/\/lasertag-city.de\/hannover\/#organization","name":"Lasertag City | Hannover - Linden","url":"https:\/\/lasertag-city.de\/hannover\/","logo":{"@type":"ImageObject","inLanguage":"de","@id":"https:\/\/lasertag-city.de\/hannover\/#\/schema\/logo\/image\/","url":"https:\/\/lasertag-city.de\/hannover\/wp-content\/uploads\/sites\/2\/2023\/07\/Lasertag-City-Hannover-Logo-e1690625462663.png","contentUrl":"https:\/\/lasertag-city.de\/hannover\/wp-content\/uploads\/sites\/2\/2023\/07\/Lasertag-City-Hannover-Logo-e1690625462663.png","width":810,"height":360,"caption":"Lasertag City | Hannover - Linden"},"image":{"@id":"https:\/\/lasertag-city.de\/hannover\/#\/schema\/logo\/image\/"},"sameAs":["https:\/\/www.instagram.com\/lasertag_city_hannover\/"]}]}},"_links":{"self":[{"href":"https:\/\/lasertag-city.de\/hannover\/wp-json\/wp\/v2\/pages\/18"}],"collection":[{"href":"https:\/\/lasertag-city.de\/hannover\/wp-json\/wp\/v2\/pages"}],"about":[{"href":"https:\/\/lasertag-city.de\/hannover\/wp-json\/wp\/v2\/types\/page"}],"author":[{"embeddable":true,"href":"https:\/\/lasertag-city.de\/hannover\/wp-json\/wp\/v2\/users\/1"}],"replies":[{"embeddable":true,"href":"https:\/\/lasertag-city.de\/hannover\/wp-json\/wp\/v2\/comments?post=18"}],"version-history":[{"count":11,"href":"https:\/\/lasertag-city.de\/hannover\/wp-json\/wp\/v2\/pages\/18\/revisions"}],"predecessor-version":[{"id":556,"href":"https:\/\/lasertag-city.de\/hannover\/wp-json\/wp\/v2\/pages\/18\/revisions\/556"}],"wp:attachment":[{"href":"https:\/\/lasertag-city.de\/hannover\/wp-json\/wp\/v2\/media?parent=18"}],"curies":[{"name":"wp","href":"https:\/\/api.w.org\/{rel}","templated":true}]}}